{"id":4014,"date":"2021-03-10T14:15:13","date_gmt":"2021-03-10T19:15:13","guid":{"rendered":"https:\/\/orthomaxdigital.com\/?page_id=4014"},"modified":"2021-09-03T00:37:49","modified_gmt":"2021-09-03T05:37:49","slug":"orthodoncia-orthomax","status":"publish","type":"page","link":"https:\/\/orthomaxdigital.com\/index.php\/orthodoncia-orthomax\/","title":{"rendered":"Ortodoncia Orthomax"},"content":{"rendered":"\t\t<div data-elementor-type=\"wp-page\" data-elementor-id=\"4014\" class=\"elementor elementor-4014\" data-elementor-post-type=\"page\">\n\t\t\t\t\t\t<section class=\"elementor-section elementor-top-section elementor-element elementor-element-1426178 elementor-section-full_width ot-traditional elementor-section-height-default elementor-section-height-default\" data-id=\"1426178\" data-element_type=\"section\" data-settings=\"{&quot;background_background&quot;:&quot;classic&quot;}\">\n\t\t\t\t\t\t<div class=\"elementor-container elementor-column-gap-no\">\n\t\t\t\t\t<div class=\"elementor-column elementor-col-100 elementor-top-column elementor-element elementor-element-ad7ea32 ot-flex-column-vertical\" data-id=\"ad7ea32\" data-element_type=\"column\" data-settings=\"{&quot;background_background&quot;:&quot;classic&quot;}\">\n\t\t\t<div class=\"elementor-widget-wrap elementor-element-populated\">\n\t\t\t\t\t\t<div class=\"elementor-element elementor-element-fdf473d elementor-widget elementor-widget-heading\" data-id=\"fdf473d\" data-element_type=\"widget\" data-widget_type=\"heading.default\">\n\t\t\t\t<div class=\"elementor-widget-container\">\n\t\t\t\t\t<h2 class=\"elementor-heading-title elementor-size-default\">Radiograf\u00edas Extraorales<\/h2>\t\t\t\t<\/div>\n\t\t\t\t<\/div>\n\t\t\t\t<section class=\"elementor-section elementor-inner-section elementor-element elementor-element-36f8121 ot-traditional elementor-section-boxed elementor-section-height-default elementor-section-height-default\" data-id=\"36f8121\" data-element_type=\"section\">\n\t\t\t\t\t\t<div class=\"elementor-container elementor-column-gap-default\">\n\t\t\t\t\t<div class=\"elementor-column elementor-col-100 elementor-inner-column elementor-element elementor-element-229833e ot-flex-column-vertical\" data-id=\"229833e\" data-element_type=\"column\">\n\t\t\t<div class=\"elementor-widget-wrap elementor-element-populated\">\n\t\t\t\t\t\t<div class=\"elementor-element elementor-element-c856e02 elementor-widget elementor-widget-image\" data-id=\"c856e02\" data-element_type=\"widget\" data-widget_type=\"image.default\">\n\t\t\t\t<div class=\"elementor-widget-container\">\n\t\t\t\t\t\t\t\t\t\t\t\t\t\t\t<img fetchpriority=\"high\" decoding=\"async\" width=\"500\" height=\"500\" src=\"https:\/\/orthomaxdigital.com\/wp-content\/uploads\/2021\/03\/IMA06.png\" class=\"attachment-large size-large wp-image-3835\" alt=\"\" srcset=\"https:\/\/orthomaxdigital.com\/wp-content\/uploads\/2021\/03\/IMA06.png 500w, https:\/\/orthomaxdigital.com\/wp-content\/uploads\/2021\/03\/IMA06-300x300.png 300w, https:\/\/orthomaxdigital.com\/wp-content\/uploads\/2021\/03\/IMA06-150x150.png 150w\" sizes=\"(max-width: 500px) 100vw, 500px\" \/>\t\t\t\t\t\t\t\t\t\t\t\t\t\t\t<\/div>\n\t\t\t\t<\/div>\n\t\t\t\t<div class=\"elementor-element elementor-element-bb04051 elementor-widget elementor-widget-heading\" data-id=\"bb04051\" data-element_type=\"widget\" data-widget_type=\"heading.default\">\n\t\t\t\t<div class=\"elementor-widget-container\">\n\t\t\t\t\t<h2 class=\"elementor-heading-title elementor-size-default\">Panor\u00e1mica<\/h2>\t\t\t\t<\/div>\n\t\t\t\t<\/div>\n\t\t\t\t<div class=\"elementor-element elementor-element-27bc32a elementor-widget elementor-widget-text-editor\" data-id=\"27bc32a\" data-element_type=\"widget\" data-widget_type=\"text-editor.default\">\n\t\t\t\t<div class=\"elementor-widget-container\">\n\t\t\t\t\t\t\t\t\tAdultos, Ni\u00f1os, Proyecci\u00f3n Panor\u00e1mica de regi\u00f3n anterior exclusivamente (ampliada)\t\t\t\t\t\t\t\t<\/div>\n\t\t\t\t<\/div>\n\t\t\t\t<div class=\"elementor-element elementor-element-61e6a5f elementor-widget elementor-widget-image\" data-id=\"61e6a5f\" data-element_type=\"widget\" data-widget_type=\"image.default\">\n\t\t\t\t<div class=\"elementor-widget-container\">\n\t\t\t\t\t\t\t\t\t\t\t\t\t\t\t<img decoding=\"async\" width=\"289\" height=\"163\" src=\"https:\/\/orthomaxdigital.com\/wp-content\/uploads\/2021\/03\/Radiografia-Panoramica.png\" class=\"attachment-large size-large wp-image-3928\" alt=\"\" \/>\t\t\t\t\t\t\t\t\t\t\t\t\t\t\t<\/div>\n\t\t\t\t<\/div>\n\t\t\t\t<div class=\"elementor-element elementor-element-e1f50b4 elementor-widget elementor-widget-heading\" data-id=\"e1f50b4\" data-element_type=\"widget\" data-widget_type=\"heading.default\">\n\t\t\t\t<div class=\"elementor-widget-container\">\n\t\t\t\t\t<h2 class=\"elementor-heading-title elementor-size-default\">Perfil<\/h2>\t\t\t\t<\/div>\n\t\t\t\t<\/div>\n\t\t\t\t<div class=\"elementor-element elementor-element-62bb8dc elementor-widget elementor-widget-text-editor\" data-id=\"62bb8dc\" data-element_type=\"widget\" data-widget_type=\"text-editor.default\">\n\t\t\t\t<div class=\"elementor-widget-container\">\n\t\t\t\t\t\t\t\t\tFrente (PA) Antero Posterior (AP) ATM: Sementar\u00eda . Lateral Derecha o Izquierda Protocolo Para Se\u00f1os Paranasales: T\u00e9cnica Panor\u00e1mica, W\u00e1ter .Caldwell\t\t\t\t\t\t\t\t<\/div>\n\t\t\t\t<\/div>\n\t\t\t\t<div class=\"elementor-element elementor-element-49b0e79 elementor-widget elementor-widget-image\" data-id=\"49b0e79\" data-element_type=\"widget\" data-widget_type=\"image.default\">\n\t\t\t\t<div class=\"elementor-widget-container\">\n\t\t\t\t\t\t\t\t\t\t\t\t\t\t\t<img decoding=\"async\" width=\"244\" height=\"161\" src=\"https:\/\/orthomaxdigital.com\/wp-content\/uploads\/2021\/03\/Radiografia-lateral-de-craneo.png\" class=\"attachment-large size-large wp-image-3927\" alt=\"\" \/>\t\t\t\t\t\t\t\t\t\t\t\t\t\t\t<\/div>\n\t\t\t\t<\/div>\n\t\t\t\t<div class=\"elementor-element elementor-element-da4dfc8 elementor-widget elementor-widget-heading\" data-id=\"da4dfc8\" data-element_type=\"widget\" data-widget_type=\"heading.default\">\n\t\t\t\t<div class=\"elementor-widget-container\">\n\t\t\t\t\t<h2 class=\"elementor-heading-title elementor-size-default\">Fotograf\u00eda Cl\u00ednica<\/h2>\t\t\t\t<\/div>\n\t\t\t\t<\/div>\n\t\t\t\t<div class=\"elementor-element elementor-element-eea916f elementor-widget elementor-widget-text-editor\" data-id=\"eea916f\" data-element_type=\"widget\" data-widget_type=\"text-editor.default\">\n\t\t\t\t<div class=\"elementor-widget-container\">\n\t\t\t\t\t\t\t\t\tEn papel, Digital, CD\t\t\t\t\t\t\t\t<\/div>\n\t\t\t\t<\/div>\n\t\t\t\t<div class=\"elementor-element elementor-element-25b398a elementor-widget elementor-widget-image\" data-id=\"25b398a\" data-element_type=\"widget\" data-widget_type=\"image.default\">\n\t\t\t\t<div class=\"elementor-widget-container\">\n\t\t\t\t\t\t\t\t\t\t\t\t\t\t\t<img loading=\"lazy\" decoding=\"async\" width=\"984\" height=\"718\" src=\"https:\/\/orthomaxdigital.com\/wp-content\/uploads\/2021\/03\/gr1.jpeg\" class=\"attachment-large size-large wp-image-3988\" alt=\"\" srcset=\"https:\/\/orthomaxdigital.com\/wp-content\/uploads\/2021\/03\/gr1.jpeg 984w, https:\/\/orthomaxdigital.com\/wp-content\/uploads\/2021\/03\/gr1-300x219.jpeg 300w, https:\/\/orthomaxdigital.com\/wp-content\/uploads\/2021\/03\/gr1-768x560.jpeg 768w, https:\/\/orthomaxdigital.com\/wp-content\/uploads\/2021\/03\/gr1-720x525.jpeg 720w\" sizes=\"(max-width: 984px) 100vw, 984px\" \/>\t\t\t\t\t\t\t\t\t\t\t\t\t\t\t<\/div>\n\t\t\t\t<\/div>\n\t\t\t\t<div class=\"elementor-element elementor-element-1af1c4c elementor-widget elementor-widget-heading\" data-id=\"1af1c4c\" data-element_type=\"widget\" data-widget_type=\"heading.default\">\n\t\t\t\t<div class=\"elementor-widget-container\">\n\t\t\t\t\t<h2 class=\"elementor-heading-title elementor-size-default\">Radiograf\u00edas Intraorales<\/h2>\t\t\t\t<\/div>\n\t\t\t\t<\/div>\n\t\t\t\t<div class=\"elementor-element elementor-element-2aeb6a5 elementor-widget elementor-widget-text-editor\" data-id=\"2aeb6a5\" data-element_type=\"widget\" data-widget_type=\"text-editor.default\">\n\t\t\t\t<div class=\"elementor-widget-container\">\n\t\t\t\t\t\t\t\t\tEn papel, Digital, CD\t\t\t\t\t\t\t\t<\/div>\n\t\t\t\t<\/div>\n\t\t\t\t<div class=\"elementor-element elementor-element-f6aecf9 elementor-widget elementor-widget-image\" data-id=\"f6aecf9\" data-element_type=\"widget\" data-widget_type=\"image.default\">\n\t\t\t\t<div class=\"elementor-widget-container\">\n\t\t\t\t\t\t\t\t\t\t\t\t\t\t\t<img loading=\"lazy\" decoding=\"async\" width=\"800\" height=\"533\" src=\"https:\/\/orthomaxdigital.com\/wp-content\/uploads\/2021\/03\/fotografia-dental.jpg\" class=\"attachment-large size-large wp-image-3951\" alt=\"\" srcset=\"https:\/\/orthomaxdigital.com\/wp-content\/uploads\/2021\/03\/fotografia-dental.jpg 800w, https:\/\/orthomaxdigital.com\/wp-content\/uploads\/2021\/03\/fotografia-dental-300x200.jpg 300w, https:\/\/orthomaxdigital.com\/wp-content\/uploads\/2021\/03\/fotografia-dental-768x512.jpg 768w, https:\/\/orthomaxdigital.com\/wp-content\/uploads\/2021\/03\/fotografia-dental-720x480.jpg 720w\" sizes=\"(max-width: 800px) 100vw, 800px\" \/>\t\t\t\t\t\t\t\t\t\t\t\t\t\t\t<\/div>\n\t\t\t\t<\/div>\n\t\t\t\t<div class=\"elementor-element elementor-element-a627f3d elementor-widget elementor-widget-heading\" data-id=\"a627f3d\" data-element_type=\"widget\" data-widget_type=\"heading.default\">\n\t\t\t\t<div class=\"elementor-widget-container\">\n\t\t\t\t\t<h2 class=\"elementor-heading-title elementor-size-default\">Servicio Complementario<\/h2>\t\t\t\t<\/div>\n\t\t\t\t<\/div>\n\t\t\t\t<div class=\"elementor-element elementor-element-826bcbc elementor-widget elementor-widget-text-editor\" data-id=\"826bcbc\" data-element_type=\"widget\" data-widget_type=\"text-editor.default\">\n\t\t\t\t<div class=\"elementor-widget-container\">\n\t\t\t\t\t\t\t\t\tModelo de Estudio\t\t\t\t\t\t\t\t<\/div>\n\t\t\t\t<\/div>\n\t\t\t\t<div class=\"elementor-element elementor-element-33ffeee elementor-widget elementor-widget-image\" data-id=\"33ffeee\" data-element_type=\"widget\" data-widget_type=\"image.default\">\n\t\t\t\t<div class=\"elementor-widget-container\">\n\t\t\t\t\t\t\t\t\t\t\t\t\t\t\t<img loading=\"lazy\" decoding=\"async\" width=\"281\" height=\"179\" src=\"https:\/\/orthomaxdigital.com\/wp-content\/uploads\/2021\/03\/descargar.jpg\" class=\"attachment-large size-large wp-image-3974\" alt=\"\" \/>\t\t\t\t\t\t\t\t\t\t\t\t\t\t\t<\/div>\n\t\t\t\t<\/div>\n\t\t\t\t\t<\/div>\n\t\t<\/div>\n\t\t\t\t\t<\/div>\n\t\t<\/section>\n\t\t\t\t\t<\/div>\n\t\t<\/div>\n\t\t\t\t\t<\/div>\n\t\t<\/section>\n\t\t\t\t<\/div>\n\t\t","protected":false},"excerpt":{"rendered":"<p>Radiograf\u00edas Extraorales Panor\u00e1mica Adultos, Ni\u00f1os, Proyecci\u00f3n Panor\u00e1mica de regi\u00f3n anterior exclusivamente (ampliada) Perfil Frente (PA) Antero Posterior (AP) ATM: Sementar\u00eda . Lateral Derecha o Izquierda Protocolo Para Se\u00f1os Paranasales: T\u00e9cnica Panor\u00e1mica, W\u00e1ter .Caldwell Fotograf\u00eda Cl\u00ednica En papel, Digital, CD Radiograf\u00edas Intraorales En papel, Digital, CD Servicio Complementario Modelo de Estudio<\/p>\n","protected":false},"author":1,"featured_media":0,"parent":0,"menu_order":0,"comment_status":"closed","ping_status":"closed","template":"","meta":{"_joinchat":[],"footnotes":""},"class_list":["post-4014","page","type-page","status-publish","hentry"],"_links":{"self":[{"href":"https:\/\/orthomaxdigital.com\/index.php\/wp-json\/wp\/v2\/pages\/4014","targetHints":{"allow":["GET"]}}],"collection":[{"href":"https:\/\/orthomaxdigital.com\/index.php\/wp-json\/wp\/v2\/pages"}],"about":[{"href":"https:\/\/orthomaxdigital.com\/index.php\/wp-json\/wp\/v2\/types\/page"}],"author":[{"embeddable":true,"href":"https:\/\/orthomaxdigital.com\/index.php\/wp-json\/wp\/v2\/users\/1"}],"replies":[{"embeddable":true,"href":"https:\/\/orthomaxdigital.com\/index.php\/wp-json\/wp\/v2\/comments?post=4014"}],"version-history":[{"count":4,"href":"https:\/\/orthomaxdigital.com\/index.php\/wp-json\/wp\/v2\/pages\/4014\/revisions"}],"predecessor-version":[{"id":4218,"href":"https:\/\/orthomaxdigital.com\/index.php\/wp-json\/wp\/v2\/pages\/4014\/revisions\/4218"}],"wp:attachment":[{"href":"https:\/\/orthomaxdigital.com\/index.php\/wp-json\/wp\/v2\/media?parent=4014"}],"curies":[{"name":"wp","href":"https:\/\/api.w.org\/{rel}","templated":true}]}}