{"id":3993,"date":"2021-03-10T14:04:15","date_gmt":"2021-03-10T19:04:15","guid":{"rendered":"https:\/\/orthomaxdigital.com\/?page_id=3993"},"modified":"2021-09-19T21:46:03","modified_gmt":"2021-09-20T02:46:03","slug":"ortodoncia-plus-con-cefalometria","status":"publish","type":"page","link":"https:\/\/orthomaxdigital.com\/index.php\/ortodoncia-plus-con-cefalometria\/","title":{"rendered":"Ortodoncia Plus con Cefalometria"},"content":{"rendered":"\t\t<div data-elementor-type=\"wp-page\" data-elementor-id=\"3993\" class=\"elementor elementor-3993\" data-elementor-post-type=\"page\">\n\t\t\t\t\t\t<section class=\"elementor-section elementor-top-section elementor-element elementor-element-1426178 elementor-section-full_width ot-traditional elementor-section-height-default elementor-section-height-default\" data-id=\"1426178\" data-element_type=\"section\" data-settings=\"{&quot;background_background&quot;:&quot;classic&quot;}\">\n\t\t\t\t\t\t<div class=\"elementor-container elementor-column-gap-no\">\n\t\t\t\t\t<div class=\"elementor-column elementor-col-100 elementor-top-column elementor-element elementor-element-ad7ea32 ot-flex-column-vertical\" data-id=\"ad7ea32\" data-element_type=\"column\" data-settings=\"{&quot;background_background&quot;:&quot;classic&quot;}\">\n\t\t\t<div class=\"elementor-widget-wrap elementor-element-populated\">\n\t\t\t\t\t\t<section class=\"elementor-section elementor-inner-section elementor-element elementor-element-36f8121 ot-traditional elementor-section-boxed elementor-section-height-default elementor-section-height-default\" data-id=\"36f8121\" data-element_type=\"section\">\n\t\t\t\t\t\t<div class=\"elementor-container elementor-column-gap-default\">\n\t\t\t\t\t<div class=\"elementor-column elementor-col-100 elementor-inner-column elementor-element elementor-element-229833e ot-flex-column-vertical\" data-id=\"229833e\" data-element_type=\"column\">\n\t\t\t<div class=\"elementor-widget-wrap elementor-element-populated\">\n\t\t\t\t\t\t<div class=\"elementor-element elementor-element-bb04051 elementor-widget elementor-widget-heading\" data-id=\"bb04051\" data-element_type=\"widget\" data-widget_type=\"heading.default\">\n\t\t\t\t<div class=\"elementor-widget-container\">\n\t\t\t\t\t<h2 class=\"elementor-heading-title elementor-size-default\">Panor\u00e1mica<\/h2>\t\t\t\t<\/div>\n\t\t\t\t<\/div>\n\t\t\t\t<div class=\"elementor-element elementor-element-61e6a5f elementor-widget elementor-widget-image\" data-id=\"61e6a5f\" data-element_type=\"widget\" data-widget_type=\"image.default\">\n\t\t\t\t<div class=\"elementor-widget-container\">\n\t\t\t\t\t\t\t\t\t\t\t\t\t\t\t<img decoding=\"async\" src=\"https:\/\/orthomaxdigital.com\/wp-content\/uploads\/2021\/09\/1058672475_ESTEFANY-BRIYITH-RIVERA-SAMBONI_Panorama_20190920145123-scaled.jpg\" title=\"\" alt=\"\" loading=\"lazy\" \/>\t\t\t\t\t\t\t\t\t\t\t\t\t\t\t<\/div>\n\t\t\t\t<\/div>\n\t\t\t\t<div class=\"elementor-element elementor-element-e1f50b4 elementor-widget elementor-widget-heading\" data-id=\"e1f50b4\" data-element_type=\"widget\" data-widget_type=\"heading.default\">\n\t\t\t\t<div class=\"elementor-widget-container\">\n\t\t\t\t\t<h2 class=\"elementor-heading-title elementor-size-default\">Perfil<\/h2>\t\t\t\t<\/div>\n\t\t\t\t<\/div>\n\t\t\t\t<div class=\"elementor-element elementor-element-49b0e79 elementor-widget elementor-widget-image\" data-id=\"49b0e79\" data-element_type=\"widget\" data-widget_type=\"image.default\">\n\t\t\t\t<div class=\"elementor-widget-container\">\n\t\t\t\t\t\t\t\t\t\t\t\t\t\t\t<img decoding=\"async\" src=\"https:\/\/orthomaxdigital.com\/wp-content\/uploads\/2021\/09\/STEFANY-PATRICIA-PORTILLA-TOSCANO_h01_20190730_173604511.jpg\" title=\"\" alt=\"\" loading=\"lazy\" \/>\t\t\t\t\t\t\t\t\t\t\t\t\t\t\t<\/div>\n\t\t\t\t<\/div>\n\t\t\t\t<div class=\"elementor-element elementor-element-da4dfc8 elementor-widget elementor-widget-heading\" data-id=\"da4dfc8\" data-element_type=\"widget\" data-widget_type=\"heading.default\">\n\t\t\t\t<div class=\"elementor-widget-container\">\n\t\t\t\t\t<h2 class=\"elementor-heading-title elementor-size-default\">Cefalometria<\/h2>\t\t\t\t<\/div>\n\t\t\t\t<\/div>\n\t\t\t\t<div class=\"elementor-element elementor-element-de02984 elementor-widget elementor-widget-image\" data-id=\"de02984\" data-element_type=\"widget\" data-widget_type=\"image.default\">\n\t\t\t\t<div class=\"elementor-widget-container\">\n\t\t\t\t\t\t\t\t\t\t\t\t\t\t\t<img decoding=\"async\" src=\"https:\/\/orthomaxdigital.com\/wp-content\/uploads\/2021\/09\/cefalometria.png\" title=\"\" alt=\"\" loading=\"lazy\" \/>\t\t\t\t\t\t\t\t\t\t\t\t\t\t\t<\/div>\n\t\t\t\t<\/div>\n\t\t\t\t<div class=\"elementor-element elementor-element-66ee9b1 elementor-widget elementor-widget-heading\" data-id=\"66ee9b1\" data-element_type=\"widget\" data-widget_type=\"heading.default\">\n\t\t\t\t<div class=\"elementor-widget-container\">\n\t\t\t\t\t<h2 class=\"elementor-heading-title elementor-size-default\">Fotograf\u00eda Cl\u00ednica<\/h2>\t\t\t\t<\/div>\n\t\t\t\t<\/div>\n\t\t\t\t<div class=\"elementor-element elementor-element-f6aecf9 elementor-widget elementor-widget-image\" data-id=\"f6aecf9\" data-element_type=\"widget\" data-widget_type=\"image.default\">\n\t\t\t\t<div class=\"elementor-widget-container\">\n\t\t\t\t\t\t\t\t\t\t\t\t\t\t\t<img decoding=\"async\" src=\"https:\/\/orthomaxdigital.com\/wp-content\/uploads\/2021\/09\/Captura-de-Pantalla-2021-09-19-a-las-20.08.49.png\" title=\"\" alt=\"\" loading=\"lazy\" \/>\t\t\t\t\t\t\t\t\t\t\t\t\t\t\t<\/div>\n\t\t\t\t<\/div>\n\t\t\t\t<div class=\"elementor-element elementor-element-a627f3d elementor-widget elementor-widget-heading\" data-id=\"a627f3d\" data-element_type=\"widget\" data-widget_type=\"heading.default\">\n\t\t\t\t<div class=\"elementor-widget-container\">\n\t\t\t\t\t<h2 class=\"elementor-heading-title elementor-size-default\">Modelos de Estudio<\/h2>\t\t\t\t<\/div>\n\t\t\t\t<\/div>\n\t\t\t\t<div class=\"elementor-element elementor-element-33ffeee elementor-widget elementor-widget-image\" data-id=\"33ffeee\" data-element_type=\"widget\" data-widget_type=\"image.default\">\n\t\t\t\t<div class=\"elementor-widget-container\">\n\t\t\t\t\t\t\t\t\t\t\t\t\t\t\t<img fetchpriority=\"high\" decoding=\"async\" width=\"281\" height=\"179\" src=\"https:\/\/orthomaxdigital.com\/wp-content\/uploads\/2021\/03\/descargar.jpg\" class=\"attachment-large size-large wp-image-3974\" alt=\"\" \/>\t\t\t\t\t\t\t\t\t\t\t\t\t\t\t<\/div>\n\t\t\t\t<\/div>\n\t\t\t\t\t<\/div>\n\t\t<\/div>\n\t\t\t\t\t<\/div>\n\t\t<\/section>\n\t\t\t\t\t<\/div>\n\t\t<\/div>\n\t\t\t\t\t<\/div>\n\t\t<\/section>\n\t\t\t\t<\/div>\n\t\t","protected":false},"excerpt":{"rendered":"<p>Panor\u00e1mica Perfil Cefalometria Fotograf\u00eda Cl\u00ednica Modelos de Estudio<\/p>\n","protected":false},"author":1,"featured_media":0,"parent":0,"menu_order":0,"comment_status":"closed","ping_status":"closed","template":"","meta":{"_joinchat":[],"footnotes":""},"class_list":["post-3993","page","type-page","status-publish","hentry"],"_links":{"self":[{"href":"https:\/\/orthomaxdigital.com\/index.php\/wp-json\/wp\/v2\/pages\/3993","targetHints":{"allow":["GET"]}}],"collection":[{"href":"https:\/\/orthomaxdigital.com\/index.php\/wp-json\/wp\/v2\/pages"}],"about":[{"href":"https:\/\/orthomaxdigital.com\/index.php\/wp-json\/wp\/v2\/types\/page"}],"author":[{"embeddable":true,"href":"https:\/\/orthomaxdigital.com\/index.php\/wp-json\/wp\/v2\/users\/1"}],"replies":[{"embeddable":true,"href":"https:\/\/orthomaxdigital.com\/index.php\/wp-json\/wp\/v2\/comments?post=3993"}],"version-history":[{"count":7,"href":"https:\/\/orthomaxdigital.com\/index.php\/wp-json\/wp\/v2\/pages\/3993\/revisions"}],"predecessor-version":[{"id":4200,"href":"https:\/\/orthomaxdigital.com\/index.php\/wp-json\/wp\/v2\/pages\/3993\/revisions\/4200"}],"wp:attachment":[{"href":"https:\/\/orthomaxdigital.com\/index.php\/wp-json\/wp\/v2\/media?parent=3993"}],"curies":[{"name":"wp","href":"https:\/\/api.w.org\/{rel}","templated":true}]}}