{"id":3940,"date":"2021-03-10T13:24:14","date_gmt":"2021-03-10T18:24:14","guid":{"rendered":"https:\/\/orthomaxdigital.com\/?page_id=3940"},"modified":"2024-03-20T04:12:19","modified_gmt":"2024-03-20T09:12:19","slug":"tomografia-volumetrica","status":"publish","type":"page","link":"https:\/\/orthomaxdigital.com\/index.php\/tomografia-volumetrica\/","title":{"rendered":"Tomograf\u00eda Volum\u00e9trica"},"content":{"rendered":"\t\t<div data-elementor-type=\"wp-page\" data-elementor-id=\"3940\" class=\"elementor elementor-3940\" data-elementor-post-type=\"page\">\n\t\t\t\t\t\t<section class=\"elementor-section elementor-top-section elementor-element elementor-element-1426178 elementor-section-full_width ot-traditional elementor-section-height-default elementor-section-height-default\" data-id=\"1426178\" data-element_type=\"section\" data-settings=\"{&quot;background_background&quot;:&quot;classic&quot;}\">\n\t\t\t\t\t\t<div class=\"elementor-container elementor-column-gap-no\">\n\t\t\t\t\t<div class=\"elementor-column elementor-col-100 elementor-top-column elementor-element elementor-element-ad7ea32 ot-flex-column-vertical\" data-id=\"ad7ea32\" data-element_type=\"column\">\n\t\t\t<div class=\"elementor-widget-wrap elementor-element-populated\">\n\t\t\t\t\t\t<section class=\"elementor-section elementor-inner-section elementor-element elementor-element-55846c0 ot-traditional elementor-section-boxed elementor-section-height-default elementor-section-height-default\" data-id=\"55846c0\" data-element_type=\"section\">\n\t\t\t\t\t\t<div class=\"elementor-container elementor-column-gap-default\">\n\t\t\t\t\t<div class=\"elementor-column elementor-col-50 elementor-inner-column elementor-element elementor-element-18bd543 ot-flex-column-vertical\" data-id=\"18bd543\" data-element_type=\"column\">\n\t\t\t<div class=\"elementor-widget-wrap elementor-element-populated\">\n\t\t\t\t\t\t<div class=\"elementor-element elementor-element-e78d4ab elementor-widget elementor-widget-image\" data-id=\"e78d4ab\" data-element_type=\"widget\" data-widget_type=\"image.default\">\n\t\t\t\t<div class=\"elementor-widget-container\">\n\t\t\t\t\t\t\t\t\t\t\t\t\t\t\t<img decoding=\"async\" width=\"150\" height=\"150\" src=\"https:\/\/orthomaxdigital.com\/wp-content\/uploads\/2021\/03\/icono_orthomaxDigital.png\" class=\"attachment-large size-large wp-image-3796\" alt=\"\" \/>\t\t\t\t\t\t\t\t\t\t\t\t\t\t\t<\/div>\n\t\t\t\t<\/div>\n\t\t\t\t<div class=\"elementor-element elementor-element-bd98b82 elementor-widget elementor-widget-heading\" data-id=\"bd98b82\" data-element_type=\"widget\" data-widget_type=\"heading.default\">\n\t\t\t\t<div class=\"elementor-widget-container\">\n\t\t\t\t\t<h2 class=\"elementor-heading-title elementor-size-default\">Tomograf\u00eda Volum\u00e9trica<\/h2>\t\t\t\t<\/div>\n\t\t\t\t<\/div>\n\t\t\t\t<div class=\"elementor-element elementor-element-f99642b elementor-widget elementor-widget-text-editor\" data-id=\"f99642b\" data-element_type=\"widget\" data-widget_type=\"text-editor.default\">\n\t\t\t\t<div class=\"elementor-widget-container\">\n\t\t\t\t\t\t\t\t\t<h6><span style=\"font-weight: normal;\">Conocida como Tomograf\u00eda de haz c\u00f3nico o C.B.C.T. El tomografo que posee Orthomax Digital es de campo mediano. FOV 12X8. Que permite explorar y evaluar maxilar superior, maxilar inferior, seno maxilar, ATM estructuras dentales, para aplicarse de acuerdo a cada especialidad odontolog\u00eda. El software Real Scan permite que el profesional en su consulta utilice TODAS LAS HERRAMIENTAS de manera similar a las que se desarrollan en el Centro Radiol\u00f3gico.<\/span><\/h6>\t\t\t\t\t\t\t\t<\/div>\n\t\t\t\t<\/div>\n\t\t\t\t\t<\/div>\n\t\t<\/div>\n\t\t\t\t<div class=\"elementor-column elementor-col-50 elementor-inner-column elementor-element elementor-element-fce1323 ot-column-items-center ot-flex-column-vertical\" data-id=\"fce1323\" data-element_type=\"column\">\n\t\t\t<div class=\"elementor-widget-wrap elementor-element-populated\">\n\t\t\t\t\t\t<div class=\"elementor-element elementor-element-b1d5ba0 elementor-widget elementor-widget-image\" data-id=\"b1d5ba0\" data-element_type=\"widget\" data-widget_type=\"image.default\">\n\t\t\t\t<div class=\"elementor-widget-container\">\n\t\t\t\t\t\t\t\t\t\t\t\t\t\t\t<img fetchpriority=\"high\" decoding=\"async\" width=\"701\" height=\"701\" src=\"https:\/\/orthomaxdigital.com\/wp-content\/uploads\/2021\/03\/orthomaxDigital.png\" class=\"attachment-large size-large wp-image-3770\" alt=\"\" srcset=\"https:\/\/orthomaxdigital.com\/wp-content\/uploads\/2021\/03\/orthomaxDigital.png 701w, https:\/\/orthomaxdigital.com\/wp-content\/uploads\/2021\/03\/orthomaxDigital-300x300.png 300w, https:\/\/orthomaxdigital.com\/wp-content\/uploads\/2021\/03\/orthomaxDigital-150x150.png 150w\" sizes=\"(max-width: 701px) 100vw, 701px\" \/>\t\t\t\t\t\t\t\t\t\t\t\t\t\t\t<\/div>\n\t\t\t\t<\/div>\n\t\t\t\t\t<\/div>\n\t\t<\/div>\n\t\t\t\t\t<\/div>\n\t\t<\/section>\n\t\t\t\t<section class=\"elementor-section elementor-inner-section elementor-element elementor-element-0620d8b ot-traditional elementor-section-boxed elementor-section-height-default elementor-section-height-default\" data-id=\"0620d8b\" data-element_type=\"section\">\n\t\t\t\t\t\t<div class=\"elementor-container elementor-column-gap-default\">\n\t\t\t\t\t<div class=\"elementor-column elementor-col-100 elementor-inner-column elementor-element elementor-element-c4ace66 ot-column-items-center ot-flex-column-vertical\" data-id=\"c4ace66\" data-element_type=\"column\">\n\t\t\t<div class=\"elementor-widget-wrap elementor-element-populated\">\n\t\t\t\t\t\t<div class=\"elementor-element elementor-element-00ab797 elementor-widget elementor-widget-image\" data-id=\"00ab797\" data-element_type=\"widget\" data-widget_type=\"image.default\">\n\t\t\t\t<div class=\"elementor-widget-container\">\n\t\t\t\t\t\t\t\t\t\t\t\t\t\t\t<img decoding=\"async\" width=\"1024\" height=\"433\" src=\"https:\/\/orthomaxdigital.com\/wp-content\/uploads\/2021\/03\/bannerorthomax2-1024x433.jpg\" class=\"attachment-large size-large wp-image-3744\" alt=\"\" srcset=\"https:\/\/orthomaxdigital.com\/wp-content\/uploads\/2021\/03\/bannerorthomax2-1024x433.jpg 1024w, https:\/\/orthomaxdigital.com\/wp-content\/uploads\/2021\/03\/bannerorthomax2-300x127.jpg 300w, https:\/\/orthomaxdigital.com\/wp-content\/uploads\/2021\/03\/bannerorthomax2-768x324.jpg 768w, https:\/\/orthomaxdigital.com\/wp-content\/uploads\/2021\/03\/bannerorthomax2-1536x649.jpg 1536w, https:\/\/orthomaxdigital.com\/wp-content\/uploads\/2021\/03\/bannerorthomax2-720x304.jpg 720w, https:\/\/orthomaxdigital.com\/wp-content\/uploads\/2021\/03\/bannerorthomax2.jpg 1920w\" sizes=\"(max-width: 1024px) 100vw, 1024px\" \/>\t\t\t\t\t\t\t\t\t\t\t\t\t\t\t<\/div>\n\t\t\t\t<\/div>\n\t\t\t\t\t<\/div>\n\t\t<\/div>\n\t\t\t\t\t<\/div>\n\t\t<\/section>\n\t\t\t\t\t<\/div>\n\t\t<\/div>\n\t\t\t\t\t<\/div>\n\t\t<\/section>\n\t\t\t\t<\/div>\n\t\t","protected":false},"excerpt":{"rendered":"<p>Tomograf\u00eda Volum\u00e9trica Conocida como Tomograf\u00eda de haz c\u00f3nico o C.B.C.T. El tomografo que posee Orthomax Digital es de campo mediano. FOV 12X8. Que permite explorar y evaluar maxilar superior, maxilar inferior, seno maxilar, ATM estructuras dentales, para aplicarse de acuerdo a cada especialidad odontolog\u00eda. El software Real Scan permite que el profesional en su consulta [&hellip;]<\/p>\n","protected":false},"author":1,"featured_media":0,"parent":0,"menu_order":0,"comment_status":"closed","ping_status":"closed","template":"","meta":{"_joinchat":[],"footnotes":""},"class_list":["post-3940","page","type-page","status-publish","hentry"],"_links":{"self":[{"href":"https:\/\/orthomaxdigital.com\/index.php\/wp-json\/wp\/v2\/pages\/3940","targetHints":{"allow":["GET"]}}],"collection":[{"href":"https:\/\/orthomaxdigital.com\/index.php\/wp-json\/wp\/v2\/pages"}],"about":[{"href":"https:\/\/orthomaxdigital.com\/index.php\/wp-json\/wp\/v2\/types\/page"}],"author":[{"embeddable":true,"href":"https:\/\/orthomaxdigital.com\/index.php\/wp-json\/wp\/v2\/users\/1"}],"replies":[{"embeddable":true,"href":"https:\/\/orthomaxdigital.com\/index.php\/wp-json\/wp\/v2\/comments?post=3940"}],"version-history":[{"count":7,"href":"https:\/\/orthomaxdigital.com\/index.php\/wp-json\/wp\/v2\/pages\/3940\/revisions"}],"predecessor-version":[{"id":4254,"href":"https:\/\/orthomaxdigital.com\/index.php\/wp-json\/wp\/v2\/pages\/3940\/revisions\/4254"}],"wp:attachment":[{"href":"https:\/\/orthomaxdigital.com\/index.php\/wp-json\/wp\/v2\/media?parent=3940"}],"curies":[{"name":"wp","href":"https:\/\/api.w.org\/{rel}","templated":true}]}}