{"id":3933,"date":"2021-03-10T13:20:19","date_gmt":"2021-03-10T18:20:19","guid":{"rendered":"https:\/\/orthomaxdigital.com\/?page_id=3933"},"modified":"2024-03-20T04:13:58","modified_gmt":"2024-03-20T09:13:58","slug":"cefalometria","status":"publish","type":"page","link":"https:\/\/orthomaxdigital.com\/index.php\/cefalometria\/","title":{"rendered":"Cefalometr\u00eda"},"content":{"rendered":"\t\t<div data-elementor-type=\"wp-page\" data-elementor-id=\"3933\" class=\"elementor elementor-3933\" data-elementor-post-type=\"page\">\n\t\t\t\t\t\t<section class=\"elementor-section elementor-top-section elementor-element elementor-element-1426178 ot-traditional elementor-section-boxed elementor-section-height-default elementor-section-height-default\" data-id=\"1426178\" data-element_type=\"section\" data-settings=\"{&quot;background_background&quot;:&quot;classic&quot;}\">\n\t\t\t\t\t\t<div class=\"elementor-container elementor-column-gap-default\">\n\t\t\t\t\t<div class=\"elementor-column elementor-col-100 elementor-top-column elementor-element elementor-element-ad7ea32 ot-flex-column-vertical\" data-id=\"ad7ea32\" data-element_type=\"column\">\n\t\t\t<div class=\"elementor-widget-wrap elementor-element-populated\">\n\t\t\t\t\t\t<section class=\"elementor-section elementor-inner-section elementor-element elementor-element-fbc2b91 ot-traditional elementor-section-boxed elementor-section-height-default elementor-section-height-default\" data-id=\"fbc2b91\" data-element_type=\"section\">\n\t\t\t\t\t\t<div class=\"elementor-container elementor-column-gap-default\">\n\t\t\t\t\t<div class=\"elementor-column elementor-col-50 elementor-inner-column elementor-element elementor-element-f6e0268 ot-flex-column-vertical\" data-id=\"f6e0268\" data-element_type=\"column\">\n\t\t\t<div class=\"elementor-widget-wrap elementor-element-populated\">\n\t\t\t\t\t\t<div class=\"elementor-element elementor-element-45e4b60 elementor-widget elementor-widget-heading\" data-id=\"45e4b60\" data-element_type=\"widget\" data-widget_type=\"heading.default\">\n\t\t\t\t<div class=\"elementor-widget-container\">\n\t\t\t\t\t<h2 class=\"elementor-heading-title elementor-size-default\">Cefalometr\u00eda<\/h2>\t\t\t\t<\/div>\n\t\t\t\t<\/div>\n\t\t\t\t<div class=\"elementor-element elementor-element-7132df9 elementor-widget elementor-widget-text-editor\" data-id=\"7132df9\" data-element_type=\"widget\" data-widget_type=\"text-editor.default\">\n\t\t\t\t<div class=\"elementor-widget-container\">\n\t\t\t\t\t\t\t\t\t<h6><span style=\"font-weight: normal;\">La aplicaci\u00f3n de software especializados que permiten el diagn\u00f3stico del paciente con base en valoraci\u00f3n de estructuras dentales, maxilares v\u00eda a\u00e9rea y controles de crecimiento y desarrollo<\/span><b>.<\/b><\/h6>\n<div>&nbsp;<\/div>\t\t\t\t\t\t\t\t<\/div>\n\t\t\t\t<\/div>\n\t\t\t\t\t<\/div>\n\t\t<\/div>\n\t\t\t\t<div class=\"elementor-column elementor-col-50 elementor-inner-column elementor-element elementor-element-b2bd957 ot-flex-column-vertical\" data-id=\"b2bd957\" data-element_type=\"column\">\n\t\t\t<div class=\"elementor-widget-wrap elementor-element-populated\">\n\t\t\t\t\t\t<div class=\"elementor-element elementor-element-1e7b95d elementor-widget elementor-widget-image\" data-id=\"1e7b95d\" data-element_type=\"widget\" data-widget_type=\"image.default\">\n\t\t\t\t<div class=\"elementor-widget-container\">\n\t\t\t\t\t\t\t\t\t\t\t\t\t\t\t<img decoding=\"async\" width=\"219\" height=\"161\" src=\"https:\/\/orthomaxdigital.com\/wp-content\/uploads\/2021\/03\/Cefalometria.png\" class=\"attachment-medium_large size-medium_large wp-image-3936\" alt=\"\" \/>\t\t\t\t\t\t\t\t\t\t\t\t\t\t\t<\/div>\n\t\t\t\t<\/div>\n\t\t\t\t\t<\/div>\n\t\t<\/div>\n\t\t\t\t\t<\/div>\n\t\t<\/section>\n\t\t\t\t\t<\/div>\n\t\t<\/div>\n\t\t\t\t\t<\/div>\n\t\t<\/section>\n\t\t\t\t<\/div>\n\t\t","protected":false},"excerpt":{"rendered":"<p>Cefalometr\u00eda La aplicaci\u00f3n de software especializados que permiten el diagn\u00f3stico del paciente con base en valoraci\u00f3n de estructuras dentales, maxilares v\u00eda a\u00e9rea y controles de crecimiento y desarrollo. &nbsp;<\/p>\n","protected":false},"author":1,"featured_media":0,"parent":0,"menu_order":0,"comment_status":"closed","ping_status":"closed","template":"","meta":{"_joinchat":[],"footnotes":""},"class_list":["post-3933","page","type-page","status-publish","hentry"],"_links":{"self":[{"href":"https:\/\/orthomaxdigital.com\/index.php\/wp-json\/wp\/v2\/pages\/3933","targetHints":{"allow":["GET"]}}],"collection":[{"href":"https:\/\/orthomaxdigital.com\/index.php\/wp-json\/wp\/v2\/pages"}],"about":[{"href":"https:\/\/orthomaxdigital.com\/index.php\/wp-json\/wp\/v2\/types\/page"}],"author":[{"embeddable":true,"href":"https:\/\/orthomaxdigital.com\/index.php\/wp-json\/wp\/v2\/users\/1"}],"replies":[{"embeddable":true,"href":"https:\/\/orthomaxdigital.com\/index.php\/wp-json\/wp\/v2\/comments?post=3933"}],"version-history":[{"count":7,"href":"https:\/\/orthomaxdigital.com\/index.php\/wp-json\/wp\/v2\/pages\/3933\/revisions"}],"predecessor-version":[{"id":4251,"href":"https:\/\/orthomaxdigital.com\/index.php\/wp-json\/wp\/v2\/pages\/3933\/revisions\/4251"}],"wp:attachment":[{"href":"https:\/\/orthomaxdigital.com\/index.php\/wp-json\/wp\/v2\/media?parent=3933"}],"curies":[{"name":"wp","href":"https:\/\/api.w.org\/{rel}","templated":true}]}}