{"id":3922,"date":"2021-03-10T13:16:03","date_gmt":"2021-03-10T18:16:03","guid":{"rendered":"https:\/\/orthomaxdigital.com\/?page_id=3922"},"modified":"2024-03-20T03:49:33","modified_gmt":"2024-03-20T08:49:33","slug":"radiografias-extraorales","status":"publish","type":"page","link":"https:\/\/orthomaxdigital.com\/index.php\/radiografias-extraorales\/","title":{"rendered":"Radiograf\u00edas Extraorales"},"content":{"rendered":"\t\t<div data-elementor-type=\"wp-page\" data-elementor-id=\"3922\" class=\"elementor elementor-3922\" data-elementor-post-type=\"page\">\n\t\t\t\t\t\t<section class=\"elementor-section elementor-top-section elementor-element elementor-element-6682ec4 ot-traditional elementor-section-boxed elementor-section-height-default elementor-section-height-default\" data-id=\"6682ec4\" data-element_type=\"section\">\n\t\t\t\t\t\t<div class=\"elementor-container elementor-column-gap-default\">\n\t\t\t\t\t<div class=\"elementor-column elementor-col-50 elementor-top-column elementor-element elementor-element-fc50c27 ot-flex-column-vertical\" data-id=\"fc50c27\" data-element_type=\"column\">\n\t\t\t<div class=\"elementor-widget-wrap elementor-element-populated\">\n\t\t\t\t\t\t<div class=\"elementor-element elementor-element-e78d4ab elementor-widget elementor-widget-image\" data-id=\"e78d4ab\" data-element_type=\"widget\" data-widget_type=\"image.default\">\n\t\t\t\t<div class=\"elementor-widget-container\">\n\t\t\t\t\t\t\t\t\t\t\t\t\t\t\t<img decoding=\"async\" width=\"150\" height=\"150\" src=\"https:\/\/orthomaxdigital.com\/wp-content\/uploads\/2021\/03\/icono_orthomaxDigital.png\" class=\"attachment-large size-large wp-image-3796\" alt=\"\" \/>\t\t\t\t\t\t\t\t\t\t\t\t\t\t\t<\/div>\n\t\t\t\t<\/div>\n\t\t\t\t<div class=\"elementor-element elementor-element-bd98b82 elementor-widget elementor-widget-heading\" data-id=\"bd98b82\" data-element_type=\"widget\" data-widget_type=\"heading.default\">\n\t\t\t\t<div class=\"elementor-widget-container\">\n\t\t\t\t\t<h2 class=\"elementor-heading-title elementor-size-default\">Radiograf\u00eda Panor\u00e1mica<\/h2>\t\t\t\t<\/div>\n\t\t\t\t<\/div>\n\t\t\t\t<div class=\"elementor-element elementor-element-ca7874f elementor-widget elementor-widget-image\" data-id=\"ca7874f\" data-element_type=\"widget\" data-widget_type=\"image.default\">\n\t\t\t\t<div class=\"elementor-widget-container\">\n\t\t\t\t\t\t\t\t\t\t\t\t\t\t\t<img decoding=\"async\" width=\"289\" height=\"163\" src=\"https:\/\/orthomaxdigital.com\/wp-content\/uploads\/2021\/03\/Radiografia-Panoramica.png\" class=\"attachment-large size-large wp-image-3928\" alt=\"\" \/>\t\t\t\t\t\t\t\t\t\t\t\t\t\t\t<\/div>\n\t\t\t\t<\/div>\n\t\t\t\t<div class=\"elementor-element elementor-element-f99642b elementor-widget elementor-widget-text-editor\" data-id=\"f99642b\" data-element_type=\"widget\" data-widget_type=\"text-editor.default\">\n\t\t\t\t<div class=\"elementor-widget-container\">\n\t\t\t\t\t\t\t\t\t<h6 style=\"text-align: left;\"><span style=\"font-weight: normal;\">E<span style=\"color: #000000;\">s la radiogra<\/span>f\u00eda ideal que todo paciente deber\u00eda tomarse antes de iniciar un tratamiento odontol\u00f3gico. En una sola imagen se aprecia dientes superiores e inferiores, maxilar superior, maxilar inferior, ATM, y senos maxilares. De amplia cobertura y menor detalle que la periapical. Se debe tener en cuenta que es una radiograf\u00eda con magnificaci\u00f3n.<\/span><\/h6>\t\t\t\t\t\t\t\t<\/div>\n\t\t\t\t<\/div>\n\t\t\t\t\t<\/div>\n\t\t<\/div>\n\t\t\t\t<div class=\"elementor-column elementor-col-50 elementor-top-column elementor-element elementor-element-a30ba9d ot-flex-column-vertical\" data-id=\"a30ba9d\" data-element_type=\"column\">\n\t\t\t<div class=\"elementor-widget-wrap elementor-element-populated\">\n\t\t\t\t\t\t<div class=\"elementor-element elementor-element-5f019c1 elementor-widget elementor-widget-image\" data-id=\"5f019c1\" data-element_type=\"widget\" data-widget_type=\"image.default\">\n\t\t\t\t<div class=\"elementor-widget-container\">\n\t\t\t\t\t\t\t\t\t\t\t\t\t\t\t<img decoding=\"async\" width=\"150\" height=\"150\" src=\"https:\/\/orthomaxdigital.com\/wp-content\/uploads\/2021\/03\/icono_orthomaxDigital.png\" class=\"attachment-large size-large wp-image-3796\" alt=\"\" \/>\t\t\t\t\t\t\t\t\t\t\t\t\t\t\t<\/div>\n\t\t\t\t<\/div>\n\t\t\t\t<div class=\"elementor-element elementor-element-c531bec elementor-widget elementor-widget-heading\" data-id=\"c531bec\" data-element_type=\"widget\" data-widget_type=\"heading.default\">\n\t\t\t\t<div class=\"elementor-widget-container\">\n\t\t\t\t\t<h2 class=\"elementor-heading-title elementor-size-default\">Lateral de Cr\u00e1neo<\/h2>\t\t\t\t<\/div>\n\t\t\t\t<\/div>\n\t\t\t\t<div class=\"elementor-element elementor-element-74922fd elementor-widget elementor-widget-text-editor\" data-id=\"74922fd\" data-element_type=\"widget\" data-widget_type=\"text-editor.default\">\n\t\t\t\t<div class=\"elementor-widget-container\">\n\t\t\t\t\t\t\t\t\t<h6><span style=\"font-weight: normal;\">A diferencia de la radiograf\u00eda medica, la utilizaci\u00f3n de cefalostatos en los equipos en radiolog\u00eda odontolog\u00eda permite su estandarizaci\u00f3n, base fundamental para evaluar crecimiento y desarrollo maxilofacial.<\/span><\/h6>\t\t\t\t\t\t\t\t<\/div>\n\t\t\t\t<\/div>\n\t\t\t\t<div class=\"elementor-element elementor-element-b1d5ba0 elementor-widget elementor-widget-image\" data-id=\"b1d5ba0\" data-element_type=\"widget\" data-widget_type=\"image.default\">\n\t\t\t\t<div class=\"elementor-widget-container\">\n\t\t\t\t\t\t\t\t\t\t\t\t\t\t\t<img decoding=\"async\" width=\"244\" height=\"161\" src=\"https:\/\/orthomaxdigital.com\/wp-content\/uploads\/2021\/03\/Radiografia-lateral-de-craneo.png\" class=\"attachment-large size-large wp-image-3927\" alt=\"\" \/>\t\t\t\t\t\t\t\t\t\t\t\t\t\t\t<\/div>\n\t\t\t\t<\/div>\n\t\t\t\t\t<\/div>\n\t\t<\/div>\n\t\t\t\t\t<\/div>\n\t\t<\/section>\n\t\t\t\t<section class=\"elementor-section elementor-top-section elementor-element elementor-element-ebc524d ot-traditional elementor-section-boxed elementor-section-height-default elementor-section-height-default\" data-id=\"ebc524d\" data-element_type=\"section\">\n\t\t\t\t\t\t<div class=\"elementor-container elementor-column-gap-default\">\n\t\t\t\t\t<div class=\"elementor-column elementor-col-100 elementor-top-column elementor-element elementor-element-b66b3dd ot-flex-column-vertical\" data-id=\"b66b3dd\" data-element_type=\"column\">\n\t\t\t<div class=\"elementor-widget-wrap elementor-element-populated\">\n\t\t\t\t\t\t<div class=\"elementor-element elementor-element-4116ac3 elementor-widget elementor-widget-spacer\" data-id=\"4116ac3\" data-element_type=\"widget\" data-widget_type=\"spacer.default\">\n\t\t\t\t<div class=\"elementor-widget-container\">\n\t\t\t\t\t\t\t<div class=\"elementor-spacer\">\n\t\t\t<div class=\"elementor-spacer-inner\"><\/div>\n\t\t<\/div>\n\t\t\t\t\t\t<\/div>\n\t\t\t\t<\/div>\n\t\t\t\t\t<\/div>\n\t\t<\/div>\n\t\t\t\t\t<\/div>\n\t\t<\/section>\n\t\t\t\t<\/div>\n\t\t","protected":false},"excerpt":{"rendered":"<p>Radiograf\u00eda Panor\u00e1mica Es la radiograf\u00eda ideal que todo paciente deber\u00eda tomarse antes de iniciar un tratamiento odontol\u00f3gico. En una sola imagen se aprecia dientes superiores e inferiores, maxilar superior, maxilar inferior, ATM, y senos maxilares. De amplia cobertura y menor detalle que la periapical. Se debe tener en cuenta que es una radiograf\u00eda con magnificaci\u00f3n. [&hellip;]<\/p>\n","protected":false},"author":1,"featured_media":0,"parent":0,"menu_order":0,"comment_status":"closed","ping_status":"closed","template":"","meta":{"_joinchat":[],"footnotes":""},"class_list":["post-3922","page","type-page","status-publish","hentry"],"_links":{"self":[{"href":"https:\/\/orthomaxdigital.com\/index.php\/wp-json\/wp\/v2\/pages\/3922","targetHints":{"allow":["GET"]}}],"collection":[{"href":"https:\/\/orthomaxdigital.com\/index.php\/wp-json\/wp\/v2\/pages"}],"about":[{"href":"https:\/\/orthomaxdigital.com\/index.php\/wp-json\/wp\/v2\/types\/page"}],"author":[{"embeddable":true,"href":"https:\/\/orthomaxdigital.com\/index.php\/wp-json\/wp\/v2\/users\/1"}],"replies":[{"embeddable":true,"href":"https:\/\/orthomaxdigital.com\/index.php\/wp-json\/wp\/v2\/comments?post=3922"}],"version-history":[{"count":13,"href":"https:\/\/orthomaxdigital.com\/index.php\/wp-json\/wp\/v2\/pages\/3922\/revisions"}],"predecessor-version":[{"id":4248,"href":"https:\/\/orthomaxdigital.com\/index.php\/wp-json\/wp\/v2\/pages\/3922\/revisions\/4248"}],"wp:attachment":[{"href":"https:\/\/orthomaxdigital.com\/index.php\/wp-json\/wp\/v2\/media?parent=3922"}],"curies":[{"name":"wp","href":"https:\/\/api.w.org\/{rel}","templated":true}]}}